{"id":2,"date":"2023-10-27T12:42:17","date_gmt":"2023-10-27T10:42:17","guid":{"rendered":"https:\/\/bondage.mundolumis.com\/?page_id=2"},"modified":"2023-10-27T15:16:57","modified_gmt":"2023-10-27T13:16:57","slug":"pagina-ejemplo","status":"publish","type":"page","link":"https:\/\/bondage.mundolumis.com\/index.php\/pagina-ejemplo\/","title":{"rendered":"Acerca de"},"content":{"rendered":"\t\t<div data-elementor-type=\"wp-page\" data-elementor-id=\"2\" class=\"elementor elementor-2\">\n\t\t\t\t\t\t\t<div class=\"elementor-element elementor-element-28451fe1 e-flex e-con-boxed e-con e-parent\" data-id=\"28451fe1\" data-element_type=\"container\" data-settings=\"{&quot;content_width&quot;:&quot;boxed&quot;}\" data-core-v316-plus=\"true\">\n\t\t\t\t\t<div class=\"e-con-inner\">\n\t\t\t\t<div class=\"elementor-element elementor-element-55ab311a elementor-widget elementor-widget-text-editor\" data-id=\"55ab311a\" data-element_type=\"widget\" data-widget_type=\"text-editor.default\">\n\t\t\t\t<div class=\"elementor-widget-container\">\n\t\t\t<style>\/*! elementor - v3.17.0 - 08-11-2023 *\/\n.elementor-widget-text-editor.elementor-drop-cap-view-stacked .elementor-drop-cap{background-color:#69727d;color:#fff}.elementor-widget-text-editor.elementor-drop-cap-view-framed .elementor-drop-cap{color:#69727d;border:3px solid;background-color:transparent}.elementor-widget-text-editor:not(.elementor-drop-cap-view-default) .elementor-drop-cap{margin-top:8px}.elementor-widget-text-editor:not(.elementor-drop-cap-view-default) .elementor-drop-cap-letter{width:1em;height:1em}.elementor-widget-text-editor .elementor-drop-cap{float:left;text-align:center;line-height:1;font-size:50px}.elementor-widget-text-editor .elementor-drop-cap-letter{display:inline-block}<\/style>\t\t\t\t<p>Somos un grupo de amantes del bondage\u00a0 cont\u00e1ndote los trucos y lo poco o mucho que sabemos sobre bondage, fetichismos y bdsm en general. En estas l\u00edneas encontrar\u00e1s confesiones de una sumisa, consejos de un amo y lecciones de dominatrix, entre otras cosas. Si el lado oscuro te llama, expl\u00f3ralo y disfruta.\u00a0<\/p>\t\t\t\t\t\t<\/div>\n\t\t\t\t<\/div>\n\t\t\t\t\t<\/div>\n\t\t\t\t<\/div>\n\t\t\t\t\t\t\t<\/div>\n\t\t","protected":false},"excerpt":{"rendered":"<p>Somos un grupo de amantes del bondage\u00a0 cont\u00e1ndote los trucos y lo poco o mucho que sabemos sobre bondage, fetichismos y bdsm en general. En estas l\u00edneas encontrar\u00e1s confesiones de una sumisa, consejos de un amo y lecciones de dominatrix, entre otras cosas. Si el lado oscuro te llama, expl\u00f3ralo y disfruta.\u00a0<\/p>\n","protected":false},"author":1,"featured_media":0,"parent":0,"menu_order":0,"comment_status":"closed","ping_status":"open","template":"","meta":{"footnotes":""},"_links":{"self":[{"href":"https:\/\/bondage.mundolumis.com\/index.php\/wp-json\/wp\/v2\/pages\/2"}],"collection":[{"href":"https:\/\/bondage.mundolumis.com\/index.php\/wp-json\/wp\/v2\/pages"}],"about":[{"href":"https:\/\/bondage.mundolumis.com\/index.php\/wp-json\/wp\/v2\/types\/page"}],"author":[{"embeddable":true,"href":"https:\/\/bondage.mundolumis.com\/index.php\/wp-json\/wp\/v2\/users\/1"}],"replies":[{"embeddable":true,"href":"https:\/\/bondage.mundolumis.com\/index.php\/wp-json\/wp\/v2\/comments?post=2"}],"version-history":[{"count":3,"href":"https:\/\/bondage.mundolumis.com\/index.php\/wp-json\/wp\/v2\/pages\/2\/revisions"}],"predecessor-version":[{"id":35,"href":"https:\/\/bondage.mundolumis.com\/index.php\/wp-json\/wp\/v2\/pages\/2\/revisions\/35"}],"wp:attachment":[{"href":"https:\/\/bondage.mundolumis.com\/index.php\/wp-json\/wp\/v2\/media?parent=2"}],"curies":[{"name":"wp","href":"https:\/\/api.w.org\/{rel}","templated":true}]}}